{"id":10091,"date":"2018-04-10T06:34:00","date_gmt":"2018-04-10T04:34:00","guid":{"rendered":"http:\/\/fia-cez.com\/?page_id=10091"},"modified":"2021-06-07T06:42:26","modified_gmt":"2021-06-07T04:42:26","slug":"usce","status":"publish","type":"page","link":"https:\/\/fia-cez.com\/en\/calendar\/usce\/","title":{"rendered":"U\u0161\u0107e"},"content":{"rendered":"[vc_row type=&#8221;full_width_background&#8221; scene_position=&#8221;center&#8221; text_color=&#8221;dark&#8221; text_align=&#8221;left&#8221; overlay_strength=&#8221;0.3&#8243;][vc_column column_padding=&#8221;no-extra-padding&#8221; column_padding_position=&#8221;all&#8221; background_color_opacity=&#8221;1&#8243; background_hover_color_opacity=&#8221;1&#8243; width=&#8221;1\/1&#8243; offset=&#8221;vc_hidden-sm vc_hidden-xs&#8221;][page_submenu sticky=&#8221;true&#8221; bg_color=&#8221;#3f3f3f&#8221; link_color=&#8221;#e8e8e8&#8243;][page_link link_url=&#8221;#info&#8221; title=&#8221;Team info&#8221; tab_id=&#8221;1454608615896-6&#8243; id=&#8221;1454678794742-8&#8243;] [\/page_link][page_link title=&#8221;Map&#8221; tab_id=&#8221;1454674604513-10&#8243; link_url=&#8221;#map&#8221; id=&#8221;1454678794780-8&#8243;][\/page_link][page_link link_url=&#8221;#gallery&#8221; title=&#8221;Gallery&#8221; tab_id=&#8221;1454608615491-3&#8243; id=&#8221;1523281290066-5&#8243;] [\/page_link][\/page_submenu][\/vc_column][\/vc_row][vc_row type=&#8221;full_width_background&#8221; equal_height=&#8221;yes&#8221; scene_position=&#8221;center&#8221; text_color=&#8221;dark&#8221; text_align=&#8221;left&#8221; top_padding=&#8221;3%&#8221; id=&#8221;info&#8221; overlay_strength=&#8221;0.3&#8243;][vc_column column_padding=&#8221;no-extra-padding&#8221; column_padding_position=&#8221;all&#8221; background_color_opacity=&#8221;1&#8243; background_hover_color_opacity=&#8221;1&#8243; width=&#8221;1\/1&#8243;]\r\n    <div class=\"col span_12 section-title text-align-center extra-padding\">\r\n\t\t<h2>Team info<\/h2><\/div><div class=\"clear\"><\/div>[vc_row_inner][vc_column_inner column_padding=&#8221;padding-4-percent&#8221; column_padding_position=&#8221;all&#8221; background_color_opacity=&#8221;1&#8243; width=&#8221;1\/2&#8243;][vc_column_text]<img loading=\"lazy\" class=\"alignright wp-image-9058 size-medium\" src=\"https:\/\/fia-cez.com\/wp-content\/uploads\/2015\/12\/usce_grey-300x200.png\" alt=\"\" width=\"300\" height=\"200\" srcset=\"https:\/\/fia-cez.com\/wp-content\/uploads\/2015\/12\/usce_grey-300x200.png 300w, https:\/\/fia-cez.com\/wp-content\/uploads\/2015\/12\/usce_grey.png 600w\" sizes=\"(max-width: 300px) 100vw, 300px\" \/>[\/vc_column_text][\/vc_column_inner][vc_column_inner column_padding=&#8221;padding-2-percent&#8221; column_padding_position=&#8221;all&#8221; background_color_opacity=&#8221;1&#8243; width=&#8221;1\/2&#8243;][vc_column_text]\n<h4>U\u0161\u0107e<\/h4>\n<p><strong>Address:<\/strong> U\u0161\u0107e, B\u011blehrad 11070, Srbsko<br \/>\n<strong>GPS:<\/strong> 44\u00b049&#8217;04.0&#8243;N 20\u00b026&#8217;30.0&#8243;E<br \/>\n<strong>Circuit length :<\/strong> 3400 m<\/p>\n[\/vc_column_text][\/vc_column_inner][\/vc_row_inner][\/vc_column][\/vc_row][vc_row type=&#8221;full_width_background&#8221; scene_position=&#8221;center&#8221; text_color=&#8221;dark&#8221; text_align=&#8221;left&#8221; bottom_padding=&#8221;3%&#8221; id=&#8221;map&#8221; overlay_strength=&#8221;0.3&#8243;][vc_column column_padding=&#8221;no-extra-padding&#8221; column_padding_position=&#8221;all&#8221; background_color_opacity=&#8221;1&#8243; background_hover_color_opacity=&#8221;1&#8243; width=&#8221;1\/1&#8243;]\r\n    <div class=\"col span_12 section-title text-align-center extra-padding\">\r\n\t\t<h2>Map<\/h2><\/div><div class=\"clear\"><\/div>[vc_row_inner][vc_column_inner column_padding=&#8221;no-extra-padding&#8221; column_padding_position=&#8221;all&#8221; background_color_opacity=&#8221;1&#8243; width=&#8221;1\/2&#8243;][nectar_gmap zoom=&#8221;14&#8243; enable_zoom=&#8221;1&#8243; marker_animation=&#8221;1&#8243; size=&#8221;500&#8243; map_center_lat=&#8221;44.819159&#8243; map_center_lng=&#8221;20.438502&#8243; map_markers=&#8221;47.5817111|19.2506106|Hungaroring&#8221;][\/vc_column_inner][vc_column_inner column_padding=&#8221;no-extra-padding&#8221; column_padding_position=&#8221;all&#8221; background_color_opacity=&#8221;1&#8243; width=&#8221;1\/2&#8243;][vc_column_text]\n<div><\/div>\n<div><b>Main Gate GPS<br \/>\n<\/b>44\u00b049&#8217;04.0&#8243;N 20\u00b026&#8217;30.0&#8243;E<\/div>\n[\/vc_column_text][\/vc_column_inner][\/vc_row_inner][\/vc_column][\/vc_row][vc_row type=&#8221;full_width_background&#8221; scene_position=&#8221;center&#8221; text_color=&#8221;dark&#8221; text_align=&#8221;left&#8221; overlay_strength=&#8221;0.3&#8243;][vc_column column_padding=&#8221;no-extra-padding&#8221; column_padding_position=&#8221;all&#8221; background_color_opacity=&#8221;1&#8243; background_hover_color_opacity=&#8221;1&#8243; width=&#8221;1\/1&#8243;]<div style=\"height: 100px;\" class=\"divider\"><\/div>[\/vc_column][\/vc_row][vc_row type=&#8221;in_container&#8221; scene_position=&#8221;center&#8221; text_color=&#8221;dark&#8221; text_align=&#8221;left&#8221; overlay_strength=&#8221;0.3&#8243;][vc_column column_padding=&#8221;no-extra-padding&#8221; column_padding_position=&#8221;all&#8221; background_color_opacity=&#8221;1&#8243; background_hover_color_opacity=&#8221;1&#8243; width=&#8221;1\/1&#8243;]\t\r\n\t<div class=\"row\">\r\n\t\r\n\t <div id=\"post-area\" class=\"col span_12 col_last masonry classic_enhanced  \" > <div class=\"posts-container\" data-load-animation=\"none\">\t\t\t\t\r\n\t\t\t\t\r\n\t\t\t\t\r\n<article id=\"post-11040\" class=\"regular post-11040 post type-post status-publish format-standard has-post-thumbnail hentry category-banja-luka category-hungaroring category-redbullring category-cerklje category-poznan category-grobnik category-slovakiaring category-usce category-brno category-featured category-races\">\r\n\r\n\t<div class=\"inner-wrap animated\">\r\n\r\n\t\t<div class=\"post-content\">\r\n\t\t\t\r\n\t\t\t\t\t\t\t\r\n\t\t\t\t\t\t\t\t\r\n\t\t\t\t<div class=\"post-meta \">\r\n\t\t\t\t\t\r\n\t\t\t\t\t\t\t\t\t\t\r\n\t\t\t\t\t<div class=\"date\">\r\n\t\t\t\t\t\t\t\t\t\t\t<\/div><!--\/date-->\r\n\t\t\t\t\t\r\n\t\t\t\t\t \r\n\t\t\t\t\t\t<span class=\"meta-author\"> <a href=\"https:\/\/fia-cez.com\/en\/author\/berto-cz\/\"> <i class=\"icon-default-style icon-salient-m-user\"><\/i> fia-cez.com<\/a> <\/span> <span class=\"meta-comment-count\">  <a href=\"https:\/\/fia-cez.com\/en\/check-the-complete-2019-fia-cez-calendar-and-technical-regulations\/#respond\">\r\n\t\t\t\t\t\t<i class=\"icon-default-style steadysets-icon-chat-3\"><\/i> 0<\/a><\/span>\r\n\t\t\t\t\t\r\n\t\t\t\t\t \r\n\t\t\t\t\t\t<div class=\"nectar-love-wrap\">\r\n\t\t\t\t\t\t\t<a href=\"#\" class=\"nectar-love\" id=\"nectar-love-11040\" title=\"Love this\"> <div class=\"heart-wrap\"><i class=\"icon-salient-heart-2\"><\/i> <i class=\"icon-salient-heart loved\"><\/i><\/div><span class=\"nectar-love-count\">0<\/span><\/a>\t\t\t\t\t\t<\/div><!--\/nectar-love-wrap-->\t\r\n\t\t\t\t\t\t\t\t\t<\/div><!--\/post-meta-->\r\n\t\t\t\t\r\n\t\t\t\t\t\t\r\n\t\t\t<a href=\"https:\/\/fia-cez.com\/en\/check-the-complete-2019-fia-cez-calendar-and-technical-regulations\/\" class=\"img-link\"><span class=\"post-featured-img\"><img width=\"600\" height=\"400\" src=\"https:\/\/fia-cez.com\/wp-content\/uploads\/2017\/05\/Petr-Levicek-Hungaroring-2017-speedlight_speedzone_cup_endurance_08-600x400.jpg\" class=\"attachment-portfolio-thumb size-portfolio-thumb wp-post-image\" alt=\"\" loading=\"lazy\" title=\"\" srcset=\"https:\/\/fia-cez.com\/wp-content\/uploads\/2017\/05\/Petr-Levicek-Hungaroring-2017-speedlight_speedzone_cup_endurance_08.jpg 600w, https:\/\/fia-cez.com\/wp-content\/uploads\/2017\/05\/Petr-Levicek-Hungaroring-2017-speedlight_speedzone_cup_endurance_08-300x200.jpg 300w\" sizes=\"(max-width: 600px) 100vw, 600px\" \/><\/span><\/a>\r\n\t\t\t<div class=\"content-inner\">\r\n\t\t\t\t\r\n\t\t\t\t <a class=\"entire-meta-link\" href=\"https:\/\/fia-cez.com\/en\/check-the-complete-2019-fia-cez-calendar-and-technical-regulations\/\"><\/a>\t\t\t\t\r\n\t\t\t\t\r\n\t\t\t\t\t<span class=\"meta-category\"><a class=\"banja-luka\" href=\"https:\/\/fia-cez.com\/en\/category\/banja-luka\/\" alt=\"View all posts in Banja Luka\">Banja Luka<\/a><a class=\"hungaroring\" href=\"https:\/\/fia-cez.com\/en\/category\/hungaroring\/\" alt=\"View all posts in Hungaroring\">Hungaroring<\/a><a class=\"redbullring\" href=\"https:\/\/fia-cez.com\/en\/category\/redbullring\/\" alt=\"View all posts in RedBullRing\">RedBullRing<\/a><a class=\"cerklje\" href=\"https:\/\/fia-cez.com\/en\/category\/cerklje\/\" alt=\"View all posts in Cerklje\">Cerklje<\/a><a class=\"poznan\" href=\"https:\/\/fia-cez.com\/en\/category\/poznan\/\" alt=\"View all posts in Pozna\u0144\">Pozna\u0144<\/a><a class=\"grobnik\" href=\"https:\/\/fia-cez.com\/en\/category\/grobnik\/\" alt=\"View all posts in Grobnik\">Grobnik<\/a><a class=\"slovakiaring\" href=\"https:\/\/fia-cez.com\/en\/category\/slovakiaring\/\" alt=\"View all posts in SlovakiaRing\">SlovakiaRing<\/a><a class=\"usce\" href=\"https:\/\/fia-cez.com\/en\/category\/usce\/\" alt=\"View all posts in Us\u0107e\">Us\u0107e<\/a><a class=\"brno\" href=\"https:\/\/fia-cez.com\/en\/category\/brno\/\" alt=\"View all posts in Brno\">Brno<\/a><a class=\"featured\" href=\"https:\/\/fia-cez.com\/en\/category\/featured\/\" alt=\"View all posts in Featured\">Featured<\/a><a class=\"races\" href=\"https:\/\/fia-cez.com\/en\/category\/races\/\" alt=\"View all posts in Races\">Races<\/a><\/span>\r\n\t\t\t\t\t<div class=\"article-content-wrap\">\r\n\r\n\t\t\t\t\t\t<div class=\"post-header\">\r\n\t\t\t\t\t\t\tThursday February 21st, 2019\t\r\n\t\t\t\t\t\t\t<h3 class=\"title\">\r\n\t\t\t\t\t\t\t\t\t\t\t\t\t\t\t\t\t\tCheck the complete 2019 FIA CEZ calendar and Technical regulations.\t\t\t\t\t\t\t\t\t\t\t\t\t\t\t\t<\/h3>\r\n\r\n\t\t\t\t\t\t\t\t\t\t\t\t\t<\/div><!--\/post-header-->\r\n\t\t\t\t\t<div class=\"excerpt\">Check the complete 2019 FIA CEZ calendar and Technical regulations. FIA CEZ calendar 2019 circuit&hellip;<\/div><a class=\"more-link\" href=\"https:\/\/fia-cez.com\/en\/check-the-complete-2019-fia-cez-calendar-and-technical-regulations\/\"><span class=\"continue-reading\">Read More<\/span><\/a>\t\t\t\t\t\t\r\n\t\t\t\t\t<\/div><!--article-content-wrap-->\r\n\r\n\t\t\t\t\t\t\t\t\r\n\t\t\t   \r\n\t\t\t\t\t\t\t\t\r\n\t\t\t\t\t\t\t\t\t\r\n\t\t\t<\/div><!--\/content-inner-->\r\n\t\t\t\r\n\t\t<\/div><!--\/post-content-->\r\n\r\n\t<\/div><!--\/inner-wrap-->\r\n\t\t\r\n<\/article><!--\/article-->\r\n\t\t\t\t\t\t\t\r\n\t\t\t\t\r\n\t\t\t\t\r\n<article id=\"post-10249\" class=\"regular post-10249 post type-post status-publish format-standard hentry category-vysledky-2018 category-hungaroring category-redbullring category-poznan category-grobnik category-slovakiaring category-usce category-brno\">\r\n\r\n\t<div class=\"inner-wrap animated\">\r\n\r\n\t\t<div class=\"post-content\">\r\n\t\t\t\r\n\t\t\t\t\t\t\t\r\n\t\t\t\t\t\t\t\t\r\n\t\t\t\t<div class=\"post-meta no-img\">\r\n\t\t\t\t\t\r\n\t\t\t\t\t\t\t\t\t\t\r\n\t\t\t\t\t<div class=\"date\">\r\n\t\t\t\t\t\t\t\t\t\t\t<\/div><!--\/date-->\r\n\t\t\t\t\t\r\n\t\t\t\t\t \r\n\t\t\t\t\t\t<span class=\"meta-author\"> <a href=\"https:\/\/fia-cez.com\/en\/author\/berto-cz\/\"> <i class=\"icon-default-style icon-salient-m-user\"><\/i> fia-cez.com<\/a> <\/span> <span class=\"meta-comment-count\">  <a href=\"https:\/\/fia-cez.com\/en\/vysledky-zavodu-2\/#respond\">\r\n\t\t\t\t\t\t<i class=\"icon-default-style steadysets-icon-chat-3\"><\/i> 0<\/a><\/span>\r\n\t\t\t\t\t\r\n\t\t\t\t\t \r\n\t\t\t\t\t\t<div class=\"nectar-love-wrap\">\r\n\t\t\t\t\t\t\t<a href=\"#\" class=\"nectar-love\" id=\"nectar-love-10249\" title=\"Love this\"> <div class=\"heart-wrap\"><i class=\"icon-salient-heart-2\"><\/i> <i class=\"icon-salient-heart loved\"><\/i><\/div><span class=\"nectar-love-count\">0<\/span><\/a>\t\t\t\t\t\t<\/div><!--\/nectar-love-wrap-->\t\r\n\t\t\t\t\t\t\t\t\t<\/div><!--\/post-meta-->\r\n\t\t\t\t\r\n\t\t\t\t\t\t\r\n\t\t\t<a href=\"https:\/\/fia-cez.com\/en\/vysledky-zavodu-2\/\" class=\"img-link\"><span class=\"post-featured-img\"><\/span><\/a>\r\n\t\t\t<div class=\"content-inner\">\r\n\t\t\t\t\r\n\t\t\t\t <a class=\"entire-meta-link\" href=\"https:\/\/fia-cez.com\/en\/vysledky-zavodu-2\/\"><\/a>\t\t\t\t\r\n\t\t\t\t\r\n\t\t\t\t\t<span class=\"meta-category\"><a class=\"vysledky-2018\" href=\"https:\/\/fia-cez.com\/en\/category\/vysledky-2018\/\" alt=\"View all posts in Results 2020\">Results 2020<\/a><a class=\"hungaroring\" href=\"https:\/\/fia-cez.com\/en\/category\/hungaroring\/\" alt=\"View all posts in Hungaroring\">Hungaroring<\/a><a class=\"redbullring\" href=\"https:\/\/fia-cez.com\/en\/category\/redbullring\/\" alt=\"View all posts in RedBullRing\">RedBullRing<\/a><a class=\"poznan\" href=\"https:\/\/fia-cez.com\/en\/category\/poznan\/\" alt=\"View all posts in Pozna\u0144\">Pozna\u0144<\/a><a class=\"grobnik\" href=\"https:\/\/fia-cez.com\/en\/category\/grobnik\/\" alt=\"View all posts in Grobnik\">Grobnik<\/a><a class=\"slovakiaring\" href=\"https:\/\/fia-cez.com\/en\/category\/slovakiaring\/\" alt=\"View all posts in SlovakiaRing\">SlovakiaRing<\/a><a class=\"usce\" href=\"https:\/\/fia-cez.com\/en\/category\/usce\/\" alt=\"View all posts in Us\u0107e\">Us\u0107e<\/a><a class=\"brno\" href=\"https:\/\/fia-cez.com\/en\/category\/brno\/\" alt=\"View all posts in Brno\">Brno<\/a><\/span>\r\n\t\t\t\t\t<div class=\"article-content-wrap\">\r\n\r\n\t\t\t\t\t\t<div class=\"post-header\">\r\n\t\t\t\t\t\t\tMonday April 30th, 2018\t\r\n\t\t\t\t\t\t\t<h3 class=\"title\">\r\n\t\t\t\t\t\t\t\t\t\t\t\t\t\t\t\t\t\tRace results\t\t\t\t\t\t\t\t\t\t\t\t\t\t\t\t<\/h3>\r\n\r\n\t\t\t\t\t\t\t\t\t\t\t\t\t<\/div><!--\/post-header-->\r\n\t\t\t\t\t<div class=\"excerpt\">BRNO SLOVAKIA RING &nbsp; GROBNIK &nbsp; POZNAN &nbsp; RED BULL RING &nbsp; HUNGARORING<\/div><a class=\"more-link\" href=\"https:\/\/fia-cez.com\/en\/vysledky-zavodu-2\/\"><span class=\"continue-reading\">Read More<\/span><\/a>\t\t\t\t\t\t\r\n\t\t\t\t\t<\/div><!--article-content-wrap-->\r\n\r\n\t\t\t\t\t\t\t\t\r\n\t\t\t   \r\n\t\t\t\t\t\t\t\t\r\n\t\t\t\t\t\t\t\t\t\r\n\t\t\t<\/div><!--\/content-inner-->\r\n\t\t\t\r\n\t\t<\/div><!--\/post-content-->\r\n\r\n\t<\/div><!--\/inner-wrap-->\r\n\t\t\r\n<\/article><!--\/article-->\r\n\t\t\t\t\t\t\r\n\t\t\t<\/div><!--\/posts container-->\r\n\t\t\t\r\n\t\t\t\t\t\r\n\t\t<\/div><!--\/span_9-->\r\n\t\t\r\n\t\t\r\n\t<\/div>\r\n\t\r\n\t[\/vc_column][\/vc_row]","protected":false},"excerpt":{"rendered":"<p>[vc_row type=&#8221;full_width_background&#8221; scene_position=&#8221;center&#8221; text_color=&#8221;dark&#8221; text_align=&#8221;left&#8221; overlay_strength=&#8221;0.3&#8243;][vc_column column_padding=&#8221;no-extra-padding&#8221; column_padding_position=&#8221;all&#8221; background_color_opacity=&#8221;1&#8243; background_hover_color_opacity=&#8221;1&#8243; width=&#8221;1\/1&#8243; offset=&#8221;vc_hidden-sm vc_hidden-xs&#8221;][page_submenu sticky=&#8221;true&#8221; bg_color=&#8221;#3f3f3f&#8221; link_color=&#8221;#e8e8e8&#8243;][page_link link_url=&#8221;#info&#8221; title=&#8221;Team info&#8221; tab_id=&#8221;1454608615896-6&#8243; id=&#8221;1454678794742-8&#8243;] [\/page_link][page_link title=&#8221;Map&#8221; tab_id=&#8221;1454674604513-10&#8243; link_url=&#8221;#map&#8221; id=&#8221;1454678794780-8&#8243;][\/page_link][page_link link_url=&#8221;#gallery&#8221; title=&#8221;Gallery&#8221; tab_id=&#8221;1454608615491-3&#8243; id=&#8221;1523281290066-5&#8243;]&#8230;<\/p>\n","protected":false},"author":7,"featured_media":0,"parent":48,"menu_order":6,"comment_status":"closed","ping_status":"closed","template":"","meta":[],"_links":{"self":[{"href":"https:\/\/fia-cez.com\/en\/wp-json\/wp\/v2\/pages\/10091"}],"collection":[{"href":"https:\/\/fia-cez.com\/en\/wp-json\/wp\/v2\/pages"}],"about":[{"href":"https:\/\/fia-cez.com\/en\/wp-json\/wp\/v2\/types\/page"}],"author":[{"embeddable":true,"href":"https:\/\/fia-cez.com\/en\/wp-json\/wp\/v2\/users\/7"}],"replies":[{"embeddable":true,"href":"https:\/\/fia-cez.com\/en\/wp-json\/wp\/v2\/comments?post=10091"}],"version-history":[{"count":3,"href":"https:\/\/fia-cez.com\/en\/wp-json\/wp\/v2\/pages\/10091\/revisions"}],"predecessor-version":[{"id":10095,"href":"https:\/\/fia-cez.com\/en\/wp-json\/wp\/v2\/pages\/10091\/revisions\/10095"}],"up":[{"embeddable":true,"href":"https:\/\/fia-cez.com\/en\/wp-json\/wp\/v2\/pages\/48"}],"wp:attachment":[{"href":"https:\/\/fia-cez.com\/en\/wp-json\/wp\/v2\/media?parent=10091"}],"curies":[{"name":"wp","href":"https:\/\/api.w.org\/{rel}","templated":true}]}}