{"id":6284,"date":"2016-01-29T00:43:56","date_gmt":"2016-01-28T23:43:56","guid":{"rendered":"http:\/\/fia-cez.com\/?page_id=6284"},"modified":"2018-05-27T22:44:02","modified_gmt":"2018-05-27T20:44:02","slug":"teams","status":"publish","type":"page","link":"https:\/\/fia-cez.com\/en\/teams\/","title":{"rendered":"Teams"},"content":{"rendered":"[vc_row type=&#8221;in_container&#8221; scene_position=&#8221;center&#8221; text_color=&#8221;dark&#8221; text_align=&#8221;left&#8221; overlay_strength=&#8221;0.3&#8243;][vc_column column_padding=&#8221;no-extra-padding&#8221; column_padding_position=&#8221;all&#8221; background_color_opacity=&#8221;1&#8243; background_hover_color_opacity=&#8221;1&#8243; width=&#8221;1\/1&#8243;]\t\r\n\t\r\n\r\n\r\n\t<div class=\"portfolio-wrap \">\r\n\t\t\t\r\n\t\t\t\r\n\t\t\t<span class=\"portfolio-loading  none\">   <\/span>\r\n\r\n\t\t\t\r\n\t\t\t\t\t\t\r\n\t\t\t<div class=\"row portfolio-items no-masonry  \" data-rcp=\"false\" data-ps=\"4\" data-starting-filter=\"\" data-categories-to-show=\"\" data-col-num=\"cols-4\">\r\n\t\t\t\t\t\t\t\t\t\r\n\t\t\t\t\t\t\t\t\t\t\r\n\t\t\t\t\t<div class=\"col span_3  element \"  data-project-cat=\"\" data-default-color=\"true\" data-title-color=\"\" data-subtitle-color=\"\">\r\n\t\t\t\t\t\t\r\n\t\t\t\t\t\t<div class=\"inner-wrap animated\" data-animation=\"fade_in\">\r\n\r\n\t\t\t\t\t\t\r\n\t\t\t\t\t\t\t<div class=\"work-item style-4\" data-custom-content=\"off\">\r\n\t\t\t\t\t\t\t\t\r\n\t\t\t\t\t\t\t\t<img width=\"420\" height=\"285\" src=\"https:\/\/fia-cez.com\/wp-content\/uploads\/2018\/05\/pf.jpg\" class=\"attachment-portfolio-thumb size-portfolio-thumb wp-post-image\" alt=\"\" loading=\"lazy\" title=\"\" srcset=\"https:\/\/fia-cez.com\/wp-content\/uploads\/2018\/05\/pf.jpg 420w, https:\/\/fia-cez.com\/wp-content\/uploads\/2018\/05\/pf-300x204.jpg 300w\" sizes=\"(max-width: 420px) 100vw, 420px\" \/>\r\n\t\t\t\t\t\t\t\t<div class=\"work-info\">\r\n\t\t\t\t\t\t\t\t\t\r\n\t\t\t\t\t\t\t\t\t\t\t\t\t\t\t\t\t\t\t\t\r\n\t\t\t\t\t\t\t\t\t\t\t<a href=\"https:\/\/fia-cez.com\/en\/teams\/pfister-racing-team\/\"><\/a>\r\n\t\t\t\t\t\t\t\t\t\t\r\n\t\t\t\t\t\t\t\t\t\t\t\r\n\r\n\t\t\t\t\t\t\t\t\t\t<div class=\"bottom-meta\">\r\n\t\t\t\t\t\t\t\t\t\t\t<h3>PFISTER-RACING-TEAM <\/h3> \r\n\t\t\t\t\t\t\t\t\t\t\t<p>TEAM https:\/\/www.a-pfister.com<\/p>\t\t\t\t\t\t\t\t\t\t<\/div><!--\/bottom-meta-->\r\n\r\n\t\t\t\t\t\t\t\t\t\t\t\t\t\t\t\t\t\t\r\n\t\t\t\t\t\t\t\t<\/div>\r\n\t\t\t\t\t\t\t<\/div><!--work-item-->\r\n\t\t\t\t\t\t\t\r\n\t\t\t\t\t\t\t\t\t\t\t\t\r\n\t\t\t\t\t\t\r\n\t\t\t\t\t<\/div><!--\/inner-wrap-->\r\n\t\t\t\t\t<\/div><!--\/col-->\r\n\t\t\t\t\t\r\n\t\t\t\t\t\t\t\t\t\r\n\t\t\t\t\t\t\t\t\t\t\r\n\t\t\t\t\t<div class=\"col span_3  element \"  data-project-cat=\"\" data-default-color=\"true\" data-title-color=\"\" data-subtitle-color=\"\">\r\n\t\t\t\t\t\t\r\n\t\t\t\t\t\t<div class=\"inner-wrap animated\" data-animation=\"fade_in\">\r\n\r\n\t\t\t\t\t\t\r\n\t\t\t\t\t\t\t<div class=\"work-item style-4\" data-custom-content=\"off\">\r\n\t\t\t\t\t\t\t\t\r\n\t\t\t\t\t\t\t\t<img width=\"420\" height=\"275\" src=\"https:\/\/fia-cez.com\/wp-content\/uploads\/2018\/05\/Valek-Autosport-CMYK.png\" class=\"attachment-portfolio-thumb size-portfolio-thumb wp-post-image\" alt=\"\" loading=\"lazy\" title=\"\" srcset=\"https:\/\/fia-cez.com\/wp-content\/uploads\/2018\/05\/Valek-Autosport-CMYK.png 420w, https:\/\/fia-cez.com\/wp-content\/uploads\/2018\/05\/Valek-Autosport-CMYK-300x196.png 300w\" sizes=\"(max-width: 420px) 100vw, 420px\" \/>\r\n\t\t\t\t\t\t\t\t<div class=\"work-info\">\r\n\t\t\t\t\t\t\t\t\t\r\n\t\t\t\t\t\t\t\t\t\t\t\t\t\t\t\t\t\t\t\t\r\n\t\t\t\t\t\t\t\t\t\t\t<a href=\"https:\/\/fia-cez.com\/en\/teams\/petr-valek-valek-autosport\/\"><\/a>\r\n\t\t\t\t\t\t\t\t\t\t\r\n\t\t\t\t\t\t\t\t\t\t\t\r\n\r\n\t\t\t\t\t\t\t\t\t\t<div class=\"bottom-meta\">\r\n\t\t\t\t\t\t\t\t\t\t\t<h3>Petr V\u00e1lek &#8211; V\u00e1lek autosport <\/h3> \r\n\t\t\t\t\t\t\t\t\t\t\t<p>TEAM https:\/\/www.valek-group.com\/<\/p>\t\t\t\t\t\t\t\t\t\t<\/div><!--\/bottom-meta-->\r\n\r\n\t\t\t\t\t\t\t\t\t\t\t\t\t\t\t\t\t\t\r\n\t\t\t\t\t\t\t\t<\/div>\r\n\t\t\t\t\t\t\t<\/div><!--work-item-->\r\n\t\t\t\t\t\t\t\r\n\t\t\t\t\t\t\t\t\t\t\t\t\r\n\t\t\t\t\t\t\r\n\t\t\t\t\t<\/div><!--\/inner-wrap-->\r\n\t\t\t\t\t<\/div><!--\/col-->\r\n\t\t\t\t\t\r\n\t\t\t\t\t\t\t\t\t\r\n\t\t\t\t\t\t\t\t\t\t\r\n\t\t\t\t\t<div class=\"col span_3  element \"  data-project-cat=\"\" data-default-color=\"true\" data-title-color=\"\" data-subtitle-color=\"\">\r\n\t\t\t\t\t\t\r\n\t\t\t\t\t\t<div class=\"inner-wrap animated\" data-animation=\"fade_in\">\r\n\r\n\t\t\t\t\t\t\r\n\t\t\t\t\t\t\t<div class=\"work-item style-4\" data-custom-content=\"off\">\r\n\t\t\t\t\t\t\t\t\r\n\t\t\t\t\t\t\t\t<img width=\"420\" height=\"275\" src=\"https:\/\/fia-cez.com\/wp-content\/uploads\/2018\/04\/forch.png\" class=\"attachment-portfolio-thumb size-portfolio-thumb wp-post-image\" alt=\"\" loading=\"lazy\" title=\"\" srcset=\"https:\/\/fia-cez.com\/wp-content\/uploads\/2018\/04\/forch.png 420w, https:\/\/fia-cez.com\/wp-content\/uploads\/2018\/04\/forch-300x196.png 300w\" sizes=\"(max-width: 420px) 100vw, 420px\" \/>\r\n\t\t\t\t\t\t\t\t<div class=\"work-info\">\r\n\t\t\t\t\t\t\t\t\t\r\n\t\t\t\t\t\t\t\t\t\t\t\t\t\t\t\t\t\t\t\t\r\n\t\t\t\t\t\t\t\t\t\t\t<a href=\"https:\/\/fia-cez.com\/en\/teams\/foerch-racing\/\"><\/a>\r\n\t\t\t\t\t\t\t\t\t\t\r\n\t\t\t\t\t\t\t\t\t\t\t\r\n\r\n\t\t\t\t\t\t\t\t\t\t<div class=\"bottom-meta\">\r\n\t\t\t\t\t\t\t\t\t\t\t<h3>F\u00d6RCH Racing <\/h3> \r\n\t\t\t\t\t\t\t\t\t\t\t<p>TEAM https:\/\/www.foerch-racing.com<\/p>\t\t\t\t\t\t\t\t\t\t<\/div><!--\/bottom-meta-->\r\n\r\n\t\t\t\t\t\t\t\t\t\t\t\t\t\t\t\t\t\t\r\n\t\t\t\t\t\t\t\t<\/div>\r\n\t\t\t\t\t\t\t<\/div><!--work-item-->\r\n\t\t\t\t\t\t\t\r\n\t\t\t\t\t\t\t\t\t\t\t\t\r\n\t\t\t\t\t\t\r\n\t\t\t\t\t<\/div><!--\/inner-wrap-->\r\n\t\t\t\t\t<\/div><!--\/col-->\r\n\t\t\t\t\t\r\n\t\t\t\t\t\t\t\t\t\r\n\t\t\t\t\t\t\t\t\t\t\r\n\t\t\t\t\t<div class=\"col span_3  element \"  data-project-cat=\"\" data-default-color=\"true\" data-title-color=\"\" data-subtitle-color=\"\">\r\n\t\t\t\t\t\t\r\n\t\t\t\t\t\t<div class=\"inner-wrap animated\" data-animation=\"fade_in\">\r\n\r\n\t\t\t\t\t\t\r\n\t\t\t\t\t\t\t<div class=\"work-item style-4\" data-custom-content=\"off\">\r\n\t\t\t\t\t\t\t\t\r\n\t\t\t\t\t\t\t\t<img width=\"420\" height=\"275\" src=\"https:\/\/fia-cez.com\/wp-content\/uploads\/2018\/04\/lema-racing-1.png\" class=\"attachment-portfolio-thumb size-portfolio-thumb wp-post-image\" alt=\"\" loading=\"lazy\" title=\"\" srcset=\"https:\/\/fia-cez.com\/wp-content\/uploads\/2018\/04\/lema-racing-1.png 420w, https:\/\/fia-cez.com\/wp-content\/uploads\/2018\/04\/lema-racing-1-300x196.png 300w\" sizes=\"(max-width: 420px) 100vw, 420px\" \/>\r\n\t\t\t\t\t\t\t\t<div class=\"work-info\">\r\n\t\t\t\t\t\t\t\t\t\r\n\t\t\t\t\t\t\t\t\t\t\t\t\t\t\t\t\t\t\t\t\r\n\t\t\t\t\t\t\t\t\t\t\t<a href=\"https:\/\/fia-cez.com\/en\/teams\/lema-racing\/\"><\/a>\r\n\t\t\t\t\t\t\t\t\t\t\r\n\t\t\t\t\t\t\t\t\t\t\t\r\n\r\n\t\t\t\t\t\t\t\t\t\t<div class=\"bottom-meta\">\r\n\t\t\t\t\t\t\t\t\t\t\t<h3>LEMA RACING <\/h3> \r\n\t\t\t\t\t\t\t\t\t\t\t<p>TEAM https:\/\/lema.si<\/p>\t\t\t\t\t\t\t\t\t\t<\/div><!--\/bottom-meta-->\r\n\r\n\t\t\t\t\t\t\t\t\t\t\t\t\t\t\t\t\t\t\r\n\t\t\t\t\t\t\t\t<\/div>\r\n\t\t\t\t\t\t\t<\/div><!--work-item-->\r\n\t\t\t\t\t\t\t\r\n\t\t\t\t\t\t\t\t\t\t\t\t\r\n\t\t\t\t\t\t\r\n\t\t\t\t\t<\/div><!--\/inner-wrap-->\r\n\t\t\t\t\t<\/div><!--\/col-->\r\n\t\t\t\t\t\r\n\t\t\t\t\t\t\t\t\t\r\n\t\t\t\t\t\t\t\t\t\t\r\n\t\t\t\t\t<div class=\"col span_3  element \"  data-project-cat=\"\" data-default-color=\"true\" data-title-color=\"\" data-subtitle-color=\"\">\r\n\t\t\t\t\t\t\r\n\t\t\t\t\t\t<div class=\"inner-wrap animated\" data-animation=\"fade_in\">\r\n\r\n\t\t\t\t\t\t\r\n\t\t\t\t\t\t\t<div class=\"work-item style-4\" data-custom-content=\"off\">\r\n\t\t\t\t\t\t\t\t\r\n\t\t\t\t\t\t\t\t<img width=\"300\" height=\"196\" src=\"https:\/\/fia-cez.com\/wp-content\/uploads\/2018\/01\/monolite_racing.png\" class=\"attachment-portfolio-thumb size-portfolio-thumb wp-post-image\" alt=\"\" loading=\"lazy\" title=\"\" \/>\r\n\t\t\t\t\t\t\t\t<div class=\"work-info\">\r\n\t\t\t\t\t\t\t\t\t\r\n\t\t\t\t\t\t\t\t\t\t\t\t\t\t\t\t\t\t\t\t\r\n\t\t\t\t\t\t\t\t\t\t\t<a href=\"https:\/\/fia-cez.com\/en\/teams\/monolite-racing\/\"><\/a>\r\n\t\t\t\t\t\t\t\t\t\t\r\n\t\t\t\t\t\t\t\t\t\t\t\r\n\r\n\t\t\t\t\t\t\t\t\t\t<div class=\"bottom-meta\">\r\n\t\t\t\t\t\t\t\t\t\t\t<h3>Monolite Racing <\/h3> \r\n\t\t\t\t\t\t\t\t\t\t\t<p>Formula<\/p>\t\t\t\t\t\t\t\t\t\t<\/div><!--\/bottom-meta-->\r\n\r\n\t\t\t\t\t\t\t\t\t\t\t\t\t\t\t\t\t\t\r\n\t\t\t\t\t\t\t\t<\/div>\r\n\t\t\t\t\t\t\t<\/div><!--work-item-->\r\n\t\t\t\t\t\t\t\r\n\t\t\t\t\t\t\t\t\t\t\t\t\r\n\t\t\t\t\t\t\r\n\t\t\t\t\t<\/div><!--\/inner-wrap-->\r\n\t\t\t\t\t<\/div><!--\/col-->\r\n\t\t\t\t\t\r\n\t\t\t\t\t\t\t\t\t\r\n\t\t\t\t\t\t\t\t\t\t\r\n\t\t\t\t\t<div class=\"col span_3  element \"  data-project-cat=\"\" data-default-color=\"true\" data-title-color=\"\" data-subtitle-color=\"\">\r\n\t\t\t\t\t\t\r\n\t\t\t\t\t\t<div class=\"inner-wrap animated\" data-animation=\"fade_in\">\r\n\r\n\t\t\t\t\t\t\r\n\t\t\t\t\t\t\t<div class=\"work-item style-4\" data-custom-content=\"off\">\r\n\t\t\t\t\t\t\t\t\r\n\t\t\t\t\t\t\t\t<img width=\"420\" height=\"275\" src=\"https:\/\/fia-cez.com\/wp-content\/uploads\/2017\/03\/effectiveracing.cz_.png\" class=\"attachment-portfolio-thumb size-portfolio-thumb wp-post-image\" alt=\"\" loading=\"lazy\" title=\"\" srcset=\"https:\/\/fia-cez.com\/wp-content\/uploads\/2017\/03\/effectiveracing.cz_.png 420w, https:\/\/fia-cez.com\/wp-content\/uploads\/2017\/03\/effectiveracing.cz_-300x196.png 300w\" sizes=\"(max-width: 420px) 100vw, 420px\" \/>\r\n\t\t\t\t\t\t\t\t<div class=\"work-info\">\r\n\t\t\t\t\t\t\t\t\t\r\n\t\t\t\t\t\t\t\t\t\t\t\t\t\t\t\t\t\t\t\t\r\n\t\t\t\t\t\t\t\t\t\t\t<a href=\"https:\/\/fia-cez.com\/en\/teams\/effective-racing\/\"><\/a>\r\n\t\t\t\t\t\t\t\t\t\t\r\n\t\t\t\t\t\t\t\t\t\t\t\r\n\r\n\t\t\t\t\t\t\t\t\t\t<div class=\"bottom-meta\">\r\n\t\t\t\t\t\t\t\t\t\t\t<h3>Effective Racing <\/h3> \r\n\t\t\t\t\t\t\t\t\t\t\t<p>Formula<\/p>\t\t\t\t\t\t\t\t\t\t<\/div><!--\/bottom-meta-->\r\n\r\n\t\t\t\t\t\t\t\t\t\t\t\t\t\t\t\t\t\t\r\n\t\t\t\t\t\t\t\t<\/div>\r\n\t\t\t\t\t\t\t<\/div><!--work-item-->\r\n\t\t\t\t\t\t\t\r\n\t\t\t\t\t\t\t\t\t\t\t\t\r\n\t\t\t\t\t\t\r\n\t\t\t\t\t<\/div><!--\/inner-wrap-->\r\n\t\t\t\t\t<\/div><!--\/col-->\r\n\t\t\t\t\t\r\n\t\t\t\t\t\t\t\t\t\r\n\t\t\t\t\t\t\t\t\t\t\r\n\t\t\t\t\t<div class=\"col span_3  element \"  data-project-cat=\"\" data-default-color=\"true\" data-title-color=\"\" data-subtitle-color=\"\">\r\n\t\t\t\t\t\t\r\n\t\t\t\t\t\t<div class=\"inner-wrap animated\" data-animation=\"fade_in\">\r\n\r\n\t\t\t\t\t\t\r\n\t\t\t\t\t\t\t<div class=\"work-item style-4\" data-custom-content=\"off\">\r\n\t\t\t\t\t\t\t\t\r\n\t\t\t\t\t\t\t\t<img width=\"600\" height=\"403\" src=\"https:\/\/fia-cez.com\/wp-content\/uploads\/2016\/05\/Janik_logo-600x403.jpg\" class=\"attachment-portfolio-thumb size-portfolio-thumb wp-post-image\" alt=\"\" loading=\"lazy\" title=\"\" \/>\r\n\t\t\t\t\t\t\t\t<div class=\"work-info\">\r\n\t\t\t\t\t\t\t\t\t\r\n\t\t\t\t\t\t\t\t\t\t\t\t\t\t\t\t\t\t\t\t\r\n\t\t\t\t\t\t\t\t\t\t\t<a href=\"https:\/\/www.janik-motorsport.com\"><\/a>\r\n\t\t\t\t\t\t\t\t\t\t\r\n\t\t\t\t\t\t\t\t\t\t\t\r\n\r\n\t\t\t\t\t\t\t\t\t\t<div class=\"bottom-meta\">\r\n\t\t\t\t\t\t\t\t\t\t\t<h3>Jan\u00edk Motorsport <\/h3> \r\n\t\t\t\t\t\t\t\t\t\t\t<p>Norma<\/p>\t\t\t\t\t\t\t\t\t\t<\/div><!--\/bottom-meta-->\r\n\r\n\t\t\t\t\t\t\t\t\t\t\t\t\t\t\t\t\t\t\r\n\t\t\t\t\t\t\t\t<\/div>\r\n\t\t\t\t\t\t\t<\/div><!--work-item-->\r\n\t\t\t\t\t\t\t\r\n\t\t\t\t\t\t\t\t\t\t\t\t\r\n\t\t\t\t\t\t\r\n\t\t\t\t\t<\/div><!--\/inner-wrap-->\r\n\t\t\t\t\t<\/div><!--\/col-->\r\n\t\t\t\t\t\r\n\t\t\t\t\t\t\t\t\t\r\n\t\t\t\t\t\t\t\t\t\t\r\n\t\t\t\t\t<div class=\"col span_3  element \"  data-project-cat=\"\" data-default-color=\"true\" data-title-color=\"\" data-subtitle-color=\"\">\r\n\t\t\t\t\t\t\r\n\t\t\t\t\t\t<div class=\"inner-wrap animated\" data-animation=\"fade_in\">\r\n\r\n\t\t\t\t\t\t\r\n\t\t\t\t\t\t\t<div class=\"work-item style-4\" data-custom-content=\"off\">\r\n\t\t\t\t\t\t\t\t\r\n\t\t\t\t\t\t\t\t<img width=\"420\" height=\"275\" src=\"https:\/\/fia-cez.com\/wp-content\/uploads\/2016\/02\/KT-Motorsport2.png\" class=\"attachment-portfolio-thumb size-portfolio-thumb wp-post-image\" alt=\"\" loading=\"lazy\" title=\"\" srcset=\"https:\/\/fia-cez.com\/wp-content\/uploads\/2016\/02\/KT-Motorsport2.png 420w, https:\/\/fia-cez.com\/wp-content\/uploads\/2016\/02\/KT-Motorsport2-300x196.png 300w\" sizes=\"(max-width: 420px) 100vw, 420px\" \/>\r\n\t\t\t\t\t\t\t\t<div class=\"work-info\">\r\n\t\t\t\t\t\t\t\t\t\r\n\t\t\t\t\t\t\t\t\t\t\t\t\t\t\t\t\t\t\t\t\r\n\t\t\t\t\t\t\t\t\t\t\t<a href=\"https:\/\/fia-cez.com\/en\/teams\/chabr-motorsport\/\"><\/a>\r\n\t\t\t\t\t\t\t\t\t\t\r\n\t\t\t\t\t\t\t\t\t\t\t\r\n\r\n\t\t\t\t\t\t\t\t\t\t<div class=\"bottom-meta\">\r\n\t\t\t\t\t\t\t\t\t\t\t<h3>Chabr Motorsport <\/h3> \r\n\t\t\t\t\t\t\t\t\t\t\t<p>Formula<\/p>\t\t\t\t\t\t\t\t\t\t<\/div><!--\/bottom-meta-->\r\n\r\n\t\t\t\t\t\t\t\t\t\t\t\t\t\t\t\t\t\t\r\n\t\t\t\t\t\t\t\t<\/div>\r\n\t\t\t\t\t\t\t<\/div><!--work-item-->\r\n\t\t\t\t\t\t\t\r\n\t\t\t\t\t\t\t\t\t\t\t\t\r\n\t\t\t\t\t\t\r\n\t\t\t\t\t<\/div><!--\/inner-wrap-->\r\n\t\t\t\t\t<\/div><!--\/col-->\r\n\t\t\t\t\t\r\n\t\t\t\t\t\t\t\t\t\r\n\t\t\t\t\t\t\t\t\t\t\r\n\t\t\t\t\t<div class=\"col span_3  element \"  data-project-cat=\"\" data-default-color=\"true\" data-title-color=\"\" data-subtitle-color=\"\">\r\n\t\t\t\t\t\t\r\n\t\t\t\t\t\t<div class=\"inner-wrap animated\" data-animation=\"fade_in\">\r\n\r\n\t\t\t\t\t\t\r\n\t\t\t\t\t\t\t<div class=\"work-item style-4\" data-custom-content=\"off\">\r\n\t\t\t\t\t\t\t\t\r\n\t\t\t\t\t\t\t\t<img width=\"420\" height=\"275\" src=\"https:\/\/fia-cez.com\/wp-content\/uploads\/2016\/01\/Appstores.png\" class=\"attachment-portfolio-thumb size-portfolio-thumb wp-post-image\" alt=\"\" loading=\"lazy\" title=\"\" srcset=\"https:\/\/fia-cez.com\/wp-content\/uploads\/2016\/01\/Appstores.png 420w, https:\/\/fia-cez.com\/wp-content\/uploads\/2016\/01\/Appstores-300x196.png 300w\" sizes=\"(max-width: 420px) 100vw, 420px\" \/>\r\n\t\t\t\t\t\t\t\t<div class=\"work-info\">\r\n\t\t\t\t\t\t\t\t\t\r\n\t\t\t\t\t\t\t\t\t\t\t\t\t\t\t\t\t\t\t\t\r\n\t\t\t\t\t\t\t\t\t\t\t<a href=\"https:\/\/fia-cez.com\/en\/teams\/appstores-motorsport\/\"><\/a>\r\n\t\t\t\t\t\t\t\t\t\t\r\n\t\t\t\t\t\t\t\t\t\t\t\r\n\r\n\t\t\t\t\t\t\t\t\t\t<div class=\"bottom-meta\">\r\n\t\t\t\t\t\t\t\t\t\t\t<h3>Appstores Motorsport <\/h3> \r\n\t\t\t\t\t\t\t\t\t\t\t<p>BMW<\/p>\t\t\t\t\t\t\t\t\t\t<\/div><!--\/bottom-meta-->\r\n\r\n\t\t\t\t\t\t\t\t\t\t\t\t\t\t\t\t\t\t\r\n\t\t\t\t\t\t\t\t<\/div>\r\n\t\t\t\t\t\t\t<\/div><!--work-item-->\r\n\t\t\t\t\t\t\t\r\n\t\t\t\t\t\t\t\t\t\t\t\t\r\n\t\t\t\t\t\t\r\n\t\t\t\t\t<\/div><!--\/inner-wrap-->\r\n\t\t\t\t\t<\/div><!--\/col-->\r\n\t\t\t\t\t\r\n\t\t\t\t\t\t\t\t\t\r\n\t\t\t\t\t\t\t\t\t\t\r\n\t\t\t\t\t<div class=\"col span_3  element \"  data-project-cat=\"\" data-default-color=\"true\" data-title-color=\"\" data-subtitle-color=\"\">\r\n\t\t\t\t\t\t\r\n\t\t\t\t\t\t<div class=\"inner-wrap animated\" data-animation=\"fade_in\">\r\n\r\n\t\t\t\t\t\t\r\n\t\t\t\t\t\t\t<div class=\"work-item style-4\" data-custom-content=\"off\">\r\n\t\t\t\t\t\t\t\t\r\n\t\t\t\t\t\t\t\t<img width=\"420\" height=\"275\" src=\"https:\/\/fia-cez.com\/wp-content\/uploads\/2016\/01\/KK-Racing.png\" class=\"attachment-portfolio-thumb size-portfolio-thumb wp-post-image\" alt=\"\" loading=\"lazy\" title=\"\" srcset=\"https:\/\/fia-cez.com\/wp-content\/uploads\/2016\/01\/KK-Racing.png 420w, https:\/\/fia-cez.com\/wp-content\/uploads\/2016\/01\/KK-Racing-300x196.png 300w\" sizes=\"(max-width: 420px) 100vw, 420px\" \/>\r\n\t\t\t\t\t\t\t\t<div class=\"work-info\">\r\n\t\t\t\t\t\t\t\t\t\r\n\t\t\t\t\t\t\t\t\t\t\t\t\t\t\t\t\t\t\t\t\r\n\t\t\t\t\t\t\t\t\t\t\t<a href=\"https:\/\/fia-cez.com\/en\/teams\/kk-racing\/\"><\/a>\r\n\t\t\t\t\t\t\t\t\t\t\r\n\t\t\t\t\t\t\t\t\t\t\t\r\n\r\n\t\t\t\t\t\t\t\t\t\t<div class=\"bottom-meta\">\r\n\t\t\t\t\t\t\t\t\t\t\t<h3>K&#038;K Racing <\/h3> \r\n\t\t\t\t\t\t\t\t\t\t\t<p>BMW, Ferrari<\/p>\t\t\t\t\t\t\t\t\t\t<\/div><!--\/bottom-meta-->\r\n\r\n\t\t\t\t\t\t\t\t\t\t\t\t\t\t\t\t\t\t\r\n\t\t\t\t\t\t\t\t<\/div>\r\n\t\t\t\t\t\t\t<\/div><!--work-item-->\r\n\t\t\t\t\t\t\t\r\n\t\t\t\t\t\t\t\t\t\t\t\t\r\n\t\t\t\t\t\t\r\n\t\t\t\t\t<\/div><!--\/inner-wrap-->\r\n\t\t\t\t\t<\/div><!--\/col-->\r\n\t\t\t\t\t\r\n\t\t\t\t\t\t\t\t\t\r\n\t\t\t\t\t\t\t\t\t\t\r\n\t\t\t\t\t<div class=\"col span_3  element \"  data-project-cat=\"\" data-default-color=\"true\" data-title-color=\"\" data-subtitle-color=\"\">\r\n\t\t\t\t\t\t\r\n\t\t\t\t\t\t<div class=\"inner-wrap animated\" data-animation=\"fade_in\">\r\n\r\n\t\t\t\t\t\t\r\n\t\t\t\t\t\t\t<div class=\"work-item style-4\" data-custom-content=\"off\">\r\n\t\t\t\t\t\t\t\t\r\n\t\t\t\t\t\t\t\t<img width=\"420\" height=\"275\" src=\"https:\/\/fia-cez.com\/wp-content\/uploads\/2016\/01\/RacingTrevor.png\" class=\"attachment-portfolio-thumb size-portfolio-thumb wp-post-image\" alt=\"\" loading=\"lazy\" title=\"\" srcset=\"https:\/\/fia-cez.com\/wp-content\/uploads\/2016\/01\/RacingTrevor.png 420w, https:\/\/fia-cez.com\/wp-content\/uploads\/2016\/01\/RacingTrevor-300x196.png 300w\" sizes=\"(max-width: 420px) 100vw, 420px\" \/>\r\n\t\t\t\t\t\t\t\t<div class=\"work-info\">\r\n\t\t\t\t\t\t\t\t\t\r\n\t\t\t\t\t\t\t\t\t\t\t\t\t\t\t\t\t\t\t\t\r\n\t\t\t\t\t\t\t\t\t\t\t<a href=\"https:\/\/fia-cez.com\/en\/teams\/racing-trevor\/\"><\/a>\r\n\t\t\t\t\t\t\t\t\t\t\r\n\t\t\t\t\t\t\t\t\t\t\t\r\n\r\n\t\t\t\t\t\t\t\t\t\t<div class=\"bottom-meta\">\r\n\t\t\t\t\t\t\t\t\t\t\t<h3>Racing Trevor <\/h3> \r\n\t\t\t\t\t\t\t\t\t\t\t<p>BMW Alpina<\/p>\t\t\t\t\t\t\t\t\t\t<\/div><!--\/bottom-meta-->\r\n\r\n\t\t\t\t\t\t\t\t\t\t\t\t\t\t\t\t\t\t\r\n\t\t\t\t\t\t\t\t<\/div>\r\n\t\t\t\t\t\t\t<\/div><!--work-item-->\r\n\t\t\t\t\t\t\t\r\n\t\t\t\t\t\t\t\t\t\t\t\t\r\n\t\t\t\t\t\t\r\n\t\t\t\t\t<\/div><!--\/inner-wrap-->\r\n\t\t\t\t\t<\/div><!--\/col-->\r\n\t\t\t\t\t\r\n\t\t\t\t\t\t\t\t\t\r\n\t\t\t\t\t\t\t\t\t\t\r\n\t\t\t\t\t<div class=\"col span_3  element \"  data-project-cat=\"\" data-default-color=\"true\" data-title-color=\"\" data-subtitle-color=\"\">\r\n\t\t\t\t\t\t\r\n\t\t\t\t\t\t<div class=\"inner-wrap animated\" data-animation=\"fade_in\">\r\n\r\n\t\t\t\t\t\t\r\n\t\t\t\t\t\t\t<div class=\"work-item style-4\" data-custom-content=\"off\">\r\n\t\t\t\t\t\t\t\t\r\n\t\t\t\t\t\t\t\t<img width=\"420\" height=\"275\" src=\"https:\/\/fia-cez.com\/wp-content\/uploads\/2015\/12\/Duck-Racing.png\" class=\"attachment-portfolio-thumb size-portfolio-thumb wp-post-image\" alt=\"\" loading=\"lazy\" title=\"\" srcset=\"https:\/\/fia-cez.com\/wp-content\/uploads\/2015\/12\/Duck-Racing.png 420w, https:\/\/fia-cez.com\/wp-content\/uploads\/2015\/12\/Duck-Racing-300x196.png 300w\" sizes=\"(max-width: 420px) 100vw, 420px\" \/>\r\n\t\t\t\t\t\t\t\t<div class=\"work-info\">\r\n\t\t\t\t\t\t\t\t\t\r\n\t\t\t\t\t\t\t\t\t\t\t\t\t\t\t\t\t\t\t\t\r\n\t\t\t\t\t\t\t\t\t\t\t<a href=\"https:\/\/fia-cez.com\/en\/teams\/duck-racing\/\"><\/a>\r\n\t\t\t\t\t\t\t\t\t\t\r\n\t\t\t\t\t\t\t\t\t\t\t\r\n\r\n\t\t\t\t\t\t\t\t\t\t<div class=\"bottom-meta\">\r\n\t\t\t\t\t\t\t\t\t\t\t<h3>Duck Racing <\/h3> \r\n\t\t\t\t\t\t\t\t\t\t\t<p>BMW<\/p>\t\t\t\t\t\t\t\t\t\t<\/div><!--\/bottom-meta-->\r\n\r\n\t\t\t\t\t\t\t\t\t\t\t\t\t\t\t\t\t\t\r\n\t\t\t\t\t\t\t\t<\/div>\r\n\t\t\t\t\t\t\t<\/div><!--work-item-->\r\n\t\t\t\t\t\t\t\r\n\t\t\t\t\t\t\t\t\t\t\t\t\r\n\t\t\t\t\t\t\r\n\t\t\t\t\t<\/div><!--\/inner-wrap-->\r\n\t\t\t\t\t<\/div><!--\/col-->\r\n\t\t\t\t\t\r\n\t\t\t\t\t\t\t\t\t\r\n\t\t\t\t\t\t\t\t\t\t\r\n\t\t\t\t\t<div class=\"col span_3  element \"  data-project-cat=\"\" data-default-color=\"true\" data-title-color=\"\" data-subtitle-color=\"\">\r\n\t\t\t\t\t\t\r\n\t\t\t\t\t\t<div class=\"inner-wrap animated\" data-animation=\"fade_in\">\r\n\r\n\t\t\t\t\t\t\r\n\t\t\t\t\t\t\t<div class=\"work-item style-4\" data-custom-content=\"off\">\r\n\t\t\t\t\t\t\t\t\r\n\t\t\t\t\t\t\t\t<img width=\"420\" height=\"275\" src=\"https:\/\/fia-cez.com\/wp-content\/uploads\/2015\/12\/Senkyr.png\" class=\"attachment-portfolio-thumb size-portfolio-thumb wp-post-image\" alt=\"\" loading=\"lazy\" title=\"\" srcset=\"https:\/\/fia-cez.com\/wp-content\/uploads\/2015\/12\/Senkyr.png 420w, https:\/\/fia-cez.com\/wp-content\/uploads\/2015\/12\/Senkyr-300x196.png 300w\" sizes=\"(max-width: 420px) 100vw, 420px\" \/>\r\n\t\t\t\t\t\t\t\t<div class=\"work-info\">\r\n\t\t\t\t\t\t\t\t\t\r\n\t\t\t\t\t\t\t\t\t\t\t\t\t\t\t\t\t\t\t\t\r\n\t\t\t\t\t\t\t\t\t\t\t<a href=\"https:\/\/fia-cez.com\/en\/teams\/robert-senkyr-motorsport\/\"><\/a>\r\n\t\t\t\t\t\t\t\t\t\t\r\n\t\t\t\t\t\t\t\t\t\t\t\r\n\r\n\t\t\t\t\t\t\t\t\t\t<div class=\"bottom-meta\">\r\n\t\t\t\t\t\t\t\t\t\t\t<h3>Robert \u0160enk\u00fd\u0159 Motorsport <\/h3> \r\n\t\t\t\t\t\t\t\t\t\t\t<p>BMW<\/p>\t\t\t\t\t\t\t\t\t\t<\/div><!--\/bottom-meta-->\r\n\r\n\t\t\t\t\t\t\t\t\t\t\t\t\t\t\t\t\t\t\r\n\t\t\t\t\t\t\t\t<\/div>\r\n\t\t\t\t\t\t\t<\/div><!--work-item-->\r\n\t\t\t\t\t\t\t\r\n\t\t\t\t\t\t\t\t\t\t\t\t\r\n\t\t\t\t\t\t\r\n\t\t\t\t\t<\/div><!--\/inner-wrap-->\r\n\t\t\t\t\t<\/div><!--\/col-->\r\n\t\t\t\t\t\r\n\t\t\t\t\t\t\t\t\t\r\n\t\t\t\t\t\t\t\t\t\t\r\n\t\t\t\t\t<div class=\"col span_3  element \"  data-project-cat=\"\" data-default-color=\"true\" data-title-color=\"\" data-subtitle-color=\"\">\r\n\t\t\t\t\t\t\r\n\t\t\t\t\t\t<div class=\"inner-wrap animated\" data-animation=\"fade_in\">\r\n\r\n\t\t\t\t\t\t\r\n\t\t\t\t\t\t\t<div class=\"work-item style-4\" data-custom-content=\"off\">\r\n\t\t\t\t\t\t\t\t\r\n\t\t\t\t\t\t\t\t<img width=\"420\" height=\"275\" src=\"https:\/\/fia-cez.com\/wp-content\/uploads\/2015\/12\/ScuderiaPraha.png\" class=\"attachment-portfolio-thumb size-portfolio-thumb wp-post-image\" alt=\"\" loading=\"lazy\" title=\"\" srcset=\"https:\/\/fia-cez.com\/wp-content\/uploads\/2015\/12\/ScuderiaPraha.png 420w, https:\/\/fia-cez.com\/wp-content\/uploads\/2015\/12\/ScuderiaPraha-300x196.png 300w\" sizes=\"(max-width: 420px) 100vw, 420px\" \/>\r\n\t\t\t\t\t\t\t\t<div class=\"work-info\">\r\n\t\t\t\t\t\t\t\t\t\r\n\t\t\t\t\t\t\t\t\t\t\t\t\t\t\t\t\t\t\t\t\r\n\t\t\t\t\t\t\t\t\t\t\t<a href=\"https:\/\/fia-cez.com\/en\/teams\/scuderia-praha\/\"><\/a>\r\n\t\t\t\t\t\t\t\t\t\t\r\n\t\t\t\t\t\t\t\t\t\t\t\r\n\r\n\t\t\t\t\t\t\t\t\t\t<div class=\"bottom-meta\">\r\n\t\t\t\t\t\t\t\t\t\t\t<h3>Scuderia Praha <\/h3> \r\n\t\t\t\t\t\t\t\t\t\t\t<p>Ferrari<\/p>\t\t\t\t\t\t\t\t\t\t<\/div><!--\/bottom-meta-->\r\n\r\n\t\t\t\t\t\t\t\t\t\t\t\t\t\t\t\t\t\t\r\n\t\t\t\t\t\t\t\t<\/div>\r\n\t\t\t\t\t\t\t<\/div><!--work-item-->\r\n\t\t\t\t\t\t\t\r\n\t\t\t\t\t\t\t\t\t\t\t\t\r\n\t\t\t\t\t\t\r\n\t\t\t\t\t<\/div><!--\/inner-wrap-->\r\n\t\t\t\t\t<\/div><!--\/col-->\r\n\t\t\t\t\t\r\n\t\t\t\t\t\t\t\t\t\r\n\t\t\t\t\t\t\t\t\t\t\r\n\t\t\t\t\t<div class=\"col span_3  element \"  data-project-cat=\"\" data-default-color=\"true\" data-title-color=\"\" data-subtitle-color=\"\">\r\n\t\t\t\t\t\t\r\n\t\t\t\t\t\t<div class=\"inner-wrap animated\" data-animation=\"fade_in\">\r\n\r\n\t\t\t\t\t\t\r\n\t\t\t\t\t\t\t<div class=\"work-item style-4\" data-custom-content=\"off\">\r\n\t\t\t\t\t\t\t\t\r\n\t\t\t\t\t\t\t\t<img width=\"420\" height=\"275\" src=\"https:\/\/fia-cez.com\/wp-content\/uploads\/2015\/12\/RPD-Racing.png\" class=\"attachment-portfolio-thumb size-portfolio-thumb wp-post-image\" alt=\"\" loading=\"lazy\" title=\"\" srcset=\"https:\/\/fia-cez.com\/wp-content\/uploads\/2015\/12\/RPD-Racing.png 420w, https:\/\/fia-cez.com\/wp-content\/uploads\/2015\/12\/RPD-Racing-300x196.png 300w\" sizes=\"(max-width: 420px) 100vw, 420px\" \/>\r\n\t\t\t\t\t\t\t\t<div class=\"work-info\">\r\n\t\t\t\t\t\t\t\t\t\r\n\t\t\t\t\t\t\t\t\t\t\t\t\t\t\t\t\t\t\t\t\r\n\t\t\t\t\t\t\t\t\t\t\t<a href=\"https:\/\/fia-cez.com\/en\/teams\/rpd-racing\/\"><\/a>\r\n\t\t\t\t\t\t\t\t\t\t\r\n\t\t\t\t\t\t\t\t\t\t\t\r\n\r\n\t\t\t\t\t\t\t\t\t\t<div class=\"bottom-meta\">\r\n\t\t\t\t\t\t\t\t\t\t\t<h3>RPD Racing <\/h3> \r\n\t\t\t\t\t\t\t\t\t\t\t<p>Ferrari<\/p>\t\t\t\t\t\t\t\t\t\t<\/div><!--\/bottom-meta-->\r\n\r\n\t\t\t\t\t\t\t\t\t\t\t\t\t\t\t\t\t\t\r\n\t\t\t\t\t\t\t\t<\/div>\r\n\t\t\t\t\t\t\t<\/div><!--work-item-->\r\n\t\t\t\t\t\t\t\r\n\t\t\t\t\t\t\t\t\t\t\t\t\r\n\t\t\t\t\t\t\r\n\t\t\t\t\t<\/div><!--\/inner-wrap-->\r\n\t\t\t\t\t<\/div><!--\/col-->\r\n\t\t\t\t\t\r\n\t\t\t\t\r\n\t\t\t<\/div><!--\/portfolio-->\r\n\t   <\/div><!--\/portfolio wrap-->\r\n\t\t\r\n\t\t[\/vc_column][\/vc_row][vc_row type=&#8221;in_container&#8221; scene_position=&#8221;center&#8221; text_color=&#8221;dark&#8221; text_align=&#8221;left&#8221; overlay_strength=&#8221;0.3&#8243;][vc_column column_padding=&#8221;no-extra-padding&#8221; column_padding_position=&#8221;all&#8221; background_color_opacity=&#8221;1&#8243; background_hover_color_opacity=&#8221;1&#8243; width=&#8221;1\/1&#8243;]<div style=\"height: 100px;\" class=\"divider\"><\/div>[\/vc_column][\/vc_row]\n","protected":false},"excerpt":{"rendered":"<p>[vc_row type=&#8221;in_container&#8221; scene_position=&#8221;center&#8221; text_color=&#8221;dark&#8221; text_align=&#8221;left&#8221; overlay_strength=&#8221;0.3&#8243;][vc_column column_padding=&#8221;no-extra-padding&#8221; column_padding_position=&#8221;all&#8221; background_color_opacity=&#8221;1&#8243; background_hover_color_opacity=&#8221;1&#8243; width=&#8221;1\/1&#8243;][\/vc_column][\/vc_row][vc_row type=&#8221;in_container&#8221; scene_position=&#8221;center&#8221; text_color=&#8221;dark&#8221; text_align=&#8221;left&#8221; overlay_strength=&#8221;0.3&#8243;][vc_column column_padding=&#8221;no-extra-padding&#8221; column_padding_position=&#8221;all&#8221; background_color_opacity=&#8221;1&#8243; background_hover_color_opacity=&#8221;1&#8243; width=&#8221;1\/1&#8243;][\/vc_column][\/vc_row]<\/p>\n","protected":false},"author":7,"featured_media":0,"parent":0,"menu_order":15,"comment_status":"closed","ping_status":"closed","template":"","meta":[],"_links":{"self":[{"href":"https:\/\/fia-cez.com\/en\/wp-json\/wp\/v2\/pages\/6284"}],"collection":[{"href":"https:\/\/fia-cez.com\/en\/wp-json\/wp\/v2\/pages"}],"about":[{"href":"https:\/\/fia-cez.com\/en\/wp-json\/wp\/v2\/types\/page"}],"author":[{"embeddable":true,"href":"https:\/\/fia-cez.com\/en\/wp-json\/wp\/v2\/users\/7"}],"replies":[{"embeddable":true,"href":"https:\/\/fia-cez.com\/en\/wp-json\/wp\/v2\/comments?post=6284"}],"version-history":[{"count":3,"href":"https:\/\/fia-cez.com\/en\/wp-json\/wp\/v2\/pages\/6284\/revisions"}],"predecessor-version":[{"id":10600,"href":"https:\/\/fia-cez.com\/en\/wp-json\/wp\/v2\/pages\/6284\/revisions\/10600"}],"wp:attachment":[{"href":"https:\/\/fia-cez.com\/en\/wp-json\/wp\/v2\/media?parent=6284"}],"curies":[{"name":"wp","href":"https:\/\/api.w.org\/{rel}","templated":true}]}}